{"id":35,"date":"2023-09-14T17:31:55","date_gmt":"2023-09-14T20:31:55","guid":{"rendered":"http:\/\/royalpadelpanama.com\/latam\/?page_id=35"},"modified":"2023-09-19T20:18:49","modified_gmt":"2023-09-19T23:18:49","slug":"politica-de-privacidad","status":"publish","type":"page","link":"https:\/\/royalpadelpanama.com\/latam\/politica-de-privacidad\/","title":{"rendered":"Pol\u00edtica de Privacidad"},"content":{"rendered":"<div class=\"wpb-content-wrapper\"><p>[vc_row el_class=&#8221;pagina-contenido&#8221; woodmart_css_id=&#8221;650a2c50e5e60&#8243; responsive_spacing=&#8221;eyJwYXJhbV90eXBlIjoid29vZG1hcnRfcmVzcG9uc2l2ZV9zcGFjaW5nIiwic2VsZWN0b3JfaWQiOiI2NTBhMmM1MGU1ZTYwIiwic2hvcnRjb2RlIjoidmNfcm93IiwiZGF0YSI6eyJ0YWJsZXQiOnt9LCJtb2JpbGUiOnt9fX0=&#8221; mobile_bg_img_hidden=&#8221;no&#8221; tablet_bg_img_hidden=&#8221;no&#8221; woodmart_parallax=&#8221;0&#8243; woodmart_gradient_switch=&#8221;no&#8221; woodmart_box_shadow=&#8221;no&#8221; wd_z_index=&#8221;no&#8221; woodmart_disable_overflow=&#8221;0&#8243; row_reverse_mobile=&#8221;0&#8243; row_reverse_tablet=&#8221;0&#8243;][vc_column][vc_column_text]A efecto de lo previsto en la Ley de Protecci\u00f3n de Datos de Car\u00e1cter Personal, informamos al Usuario que sus datos quedan incorporados y son tratados con el fin de prestarle los servicios solicitados y enviarle informaci\u00f3n acerca de nuestra empresa que pueda ser de su inter\u00e9s.<\/p>\n<h4>ENVIO Y REGISTRO DE DATOS DE CAR\u00c1CTER PERSONAL<\/h4>\n<p>El env\u00edo de datos de car\u00e1cter personal es obligatorio para contactar y recibir informaci\u00f3n sobre los servicios prestados. Asimismo, el no facilitar los datos personales solicitados o el no aceptar la presente pol\u00edtica de protecci\u00f3n de datos supone la imposibilidad de suscribirse, registrarse o recibir informaci\u00f3n de dichos servicios.<br \/>\nLe informamos que los datos personales que se obtengan como consecuencia de su env\u00edo de datos personales, ser\u00e1n incorporados a un fichero de nuestra titularidad, teniendo implementadas todas las medidas de seguridad.<\/p>\n<h4>EXACTITUD Y VERACIDAD DE LOS DATOS FACILITADOS<\/h4>\n<p>El Usuario que env\u00eda la informaci\u00f3n es el \u00fanico responsable de la veracidad y correcci\u00f3n de los datos incluidos, exoner\u00e1ndonos de cualquier responsabilidad al respecto.<br \/>\nLos usuarios garantizan y responden, en cualquier caso, de la exactitud, vigencia y autenticidad de los datos personales facilitados, y se comprometen a mantenerlos debidamente actualizados.<br \/>\nEl usuario acepta proporcionar informaci\u00f3n completa y correcta en el formulario de registro o suscripci\u00f3n.<br \/>\nNo respondemos de la veracidad de las informaciones que no sean de elaboraci\u00f3n propia y de las que se indique otra fuente, por lo que tampoco asume responsabilidad alguna en cuanto a hipot\u00e9ticos perjuicios que pudieran originarse por el uso de dicha informaci\u00f3n. Se nos exonera de responsabilidad ante cualquier da\u00f1o o perjuicio que pudiera sufrir el Usuario como consecuencia de errores, defectos u omisiones, en la informaci\u00f3n facilitada por nosotros siempre que proceda de fuentes ajenas a nuestra empresa.<\/p>\n<h4>CESI\u00d3N DE DATOS A TERCEROS<\/h4>\n<p>Siempre que el Usuario haya consentido el pertinente tratamiento de datos personales, el Usuario nos autoriza, a ceder sus datos personales a otras empresas del grupo, no cediendo los datos personales a terceras empresas ajenas al mismo. No obstante, en el caso de ser cedidos a alg\u00fan tercero se producir\u00eda una informaci\u00f3n previa solicitando el consentimiento expreso del afectado.<\/p>\n<h4>POL\u00cdTICA DE PRIVACIDAD EN REDES SOCIALES<\/h4>\n<p>Informamos a los usuarios, que ha procedido a crear una p\u00e1gina en las Redes Sociales con la finalidad de publicitar sus productos y servicios.<br \/>\nEl usuario dispone de un perfil en la misma Red Social y decide libremente unirse a dicha p\u00e1gina por su propio inter\u00e9s en la informaci\u00f3n que se publicite en la Red. El usuario al unirse a esta p\u00e1gina, da su consentimiento para el tratamiento de los datos personales publicados en su perfil. El usuario puede acceder en todo momento a las pol\u00edticas de privacidad de la propia Red Social, as\u00ed como configurar su perfil para garantizar su privacidad. Tenemos acceso y tratamos s\u00f3lo aquella informaci\u00f3n p\u00fablica del usuario, tal como su nombre de contacto. Estos datos, s\u00f3lo son utilizados dentro de la propia Red Social sin ser incorporados a ning\u00fan fichero.<br \/>\nLos derechos de acceso, rectificaci\u00f3n, cancelaci\u00f3n y oposici\u00f3n, pueden ser ejercitados ante Est\u00e9tica E.M.A., teniendo en cuenta que estar\u00e1n definidos por la propia funcionalidad de la Red Social y la capacidad de acceso a la informaci\u00f3n de los perfiles de los usuarios.<\/p>\n<p>S\u00f3lo podremos realizar las siguientes actuaciones:<br \/>\nAcceso a la informaci\u00f3n p\u00fablica del perfil.<br \/>\nPublicaci\u00f3n en el perfil del usuario de toda aquella informaci\u00f3n ya publicada en nuestra p\u00e1gina.<br \/>\nEnviar mensajes personales e individuales a trav\u00e9s de los canales de la Red Social.<br \/>\nActualizar el estado de la p\u00e1gina que se publicar\u00e1 en el perfil del usuario.<br \/>\nEl usuario siempre puede controlar sus conexiones, eliminar los contenidos que dejen de interesarle y restringir con qui\u00e9n comparte sus conexiones, para ello deber\u00e1 acceder a su configuraci\u00f3n de privacidad.<\/p>\n<p>\u2013 Publicaciones:<br \/>\nEl usuario, una vez unido a nuestra p\u00e1gina, podr\u00e1 publicar en \u00e9sta \u00faltima cualquier tipo de comentario y\/o contenido soportado por la Red Social. El usuario, debe ser titular de los mismos y gozar de los derechos de autor y de propiedad intelectual o contar con el consentimiento de los terceros afectados. Se proh\u00edbe expresamente cualquier publicaci\u00f3n que infrinja la legalidad o los derechos de propiedad intelectual, industrial, de imagen, en cuyo caso, nos reservamos el derecho a retirar de inmediato el contenido, pudiendo solicitar el bloqueo permanente del usuario. No nos haremos responsable de los contenidos publicados por los usuarios. El usuario debe tener presente que sus publicaciones ser\u00e1n conocidas por los otros usuarios, siendo \u00e9l mismo el responsable de su privacidad. Los contenidos publicados en la p\u00e1gina no ser\u00e1n almacenadas en ning\u00fan fichero por parte nuestra.<br \/>\n\u2013 Concursos y promociones:<br \/>\nNos reservamos el derecho a realizar concursos y promociones, en los que podr\u00e1 participar el usuario unido a su p\u00e1gina. Las bases de cada uno de ellos, siempre y cuando se utilice para ello la plataforma de la Red Social, ser\u00e1n publicadas en la misma.<br \/>\n\u2013 Publicidad:<br \/>\nPodremos utilizar la Red Social para publicitar sus productos y\/o servicios, y no se considerar\u00e1 publicidad el hecho de recomendar a otros usuarios nuestra p\u00e1gina para que tambi\u00e9n ellos puedan conocer y disfrutar de las promociones o estar informados de su actividad.<br \/>\n\u2013 Enlaces a las Pol\u00edticas de Privacidad de las Redes Sociales:<br \/>\nFacebook: https:\/\/www.facebook.com\/help\/323540651073243\/<br \/>\nInstagram: https:\/\/instagram.com\/about\/legal\/privacy\/<\/p>\n<h4>EJERCICIO DE DERECHOS DE ACCESO, RECTIFICACI\u00d3N, CANCELACI\u00d3N Y OPOSICI\u00d3N<\/h4>\n<p>Podr\u00e1 dirigir sus comunicaciones y ejercitar los derechos de acceso, rectificaci\u00f3n, cancelaci\u00f3n y oposici\u00f3n a trav\u00e9s de correo postal, o al correo electr\u00f3nico que figuran en los datos en nuestra secci\u00f3n Contacto, junto con prueba v\u00e1lida en derecho, como fotocopia del D.N.I. e indicando en el asunto \u201cPROTECCI\u00d3N DE DATOS\u201d.<\/p>\n<h4>ACEPTACI\u00d3N Y CONSENTIMIENTO<\/h4>\n<p>El Usuario declara haber sido informado de las condiciones sobre protecci\u00f3n de datos de car\u00e1cter personal, aceptando y consintiendo el tratamiento de los mismos por parte nuestra, en la forma y para las finalidades indicadas en la presente Pol\u00edtica de Protecci\u00f3n de Datos Personales.<\/p>\n<h4>CAMBIOS EN LA PRESENTE POL\u00cdTICA DE PRIVACIDAD.<\/h4>\n<p>Nos reservamos el derecho a modificar la presente pol\u00edtica para adaptarla a novedades legislativas o jurisprudenciales as\u00ed como a pr\u00e1cticas de la industria. En dichos supuestos, anunciaremos en esta p\u00e1gina los cambios introducidos con razonable antelaci\u00f3n a su puesta en pr\u00e1ctica.<br \/>\n[\/vc_column_text][\/vc_column][\/vc_row]<\/p>\n<\/div>","protected":false},"excerpt":{"rendered":"<p>[vc_row el_class=&#8221;pagina-contenido&#8221; woodmart_css_id=&#8221;650a2c50e5e60&#8243; responsive_spacing=&#8221;eyJwYXJhbV90eXBlIjoid29vZG1hcnRfcmVzcG9uc2l2ZV9zcGFjaW5nIiwic2VsZWN0b3JfaWQiOiI2NTBhMmM1MGU1ZTYwIiwic2hvcnRjb2RlIjoidmNfcm93IiwiZGF0YSI6eyJ0YWJsZXQiOnt9LCJtb2JpbGUiOnt9fX0=&#8221; mobile_bg_img_hidden=&#8221;no&#8221; tablet_bg_img_hidden=&#8221;no&#8221; woodmart_parallax=&#8221;0&#8243; woodmart_gradient_switch=&#8221;no&#8221; woodmart_box_shadow=&#8221;no&#8221; wd_z_index=&#8221;no&#8221; woodmart_disable_overflow=&#8221;0&#8243; row_reverse_mobile=&#8221;0&#8243; row_reverse_tablet=&#8221;0&#8243;][vc_column][vc_column_text]A efecto de lo previsto en la Ley<\/p>\n","protected":false},"author":2,"featured_media":0,"parent":0,"menu_order":0,"comment_status":"closed","ping_status":"closed","template":"","meta":{"footnotes":""},"class_list":["post-35","page","type-page","status-publish","hentry"],"_links":{"self":[{"href":"https:\/\/royalpadelpanama.com\/latam\/wp-json\/wp\/v2\/pages\/35","targetHints":{"allow":["GET"]}}],"collection":[{"href":"https:\/\/royalpadelpanama.com\/latam\/wp-json\/wp\/v2\/pages"}],"about":[{"href":"https:\/\/royalpadelpanama.com\/latam\/wp-json\/wp\/v2\/types\/page"}],"author":[{"embeddable":true,"href":"https:\/\/royalpadelpanama.com\/latam\/wp-json\/wp\/v2\/users\/2"}],"replies":[{"embeddable":true,"href":"https:\/\/royalpadelpanama.com\/latam\/wp-json\/wp\/v2\/comments?post=35"}],"version-history":[{"count":0,"href":"https:\/\/royalpadelpanama.com\/latam\/wp-json\/wp\/v2\/pages\/35\/revisions"}],"wp:attachment":[{"href":"https:\/\/royalpadelpanama.com\/latam\/wp-json\/wp\/v2\/media?parent=35"}],"curies":[{"name":"wp","href":"https:\/\/api.w.org\/{rel}","templated":true}]}}