{"id":1243,"date":"2024-03-04T16:53:06","date_gmt":"2024-03-04T19:53:06","guid":{"rendered":"https:\/\/royalpadelpanama.com\/latam\/?post_type=product&#038;p=1243"},"modified":"2024-03-04T16:59:38","modified_gmt":"2024-03-04T19:59:38","slug":"whip-woman-copia","status":"publish","type":"product","link":"https:\/\/royalpadelpanama.com\/latam\/producto\/whip-woman-copia\/","title":{"rendered":"R47 America vs Europe"},"content":{"rendered":"<p>Descubre la pala R47 America vs Europe, perfecta para elevar tu juego al siguiente nivel. Como todas nuestras palas, combina tecnolog\u00eda innovadora y materiales de alta calidad para ofrecerte un equilibrio excepcional entre potencia y control. Todas nuestras palas cuentan con dise\u00f1o y peso optimizado lo que te permitir\u00e1 ejecutar un juego con mayor facilidad. No esperes m\u00e1s, consigue esta pala y experimenta un juego inigualable en la pista.<\/p>\n<p>Formato:<br \/>\nTecnolog\u00eda:<br \/>\nComposici\u00f3n:<br \/>\nTextura:<br \/>\nBalance:<br \/>\nTipo de jugador:<br \/>\nPeso:<\/p>\n","protected":false},"excerpt":{"rendered":"<p>Descubre la pala R47 America vs Europe, perfecta para elevar tu juego al siguiente nivel. Como todas nuestras palas, combina tecnolog\u00eda innovadora y materiales de alta calidad para ofrecerte un equilibrio excepcional entre potencia y control. Todas nuestras palas cuentan con dise\u00f1o y peso optimizado lo que te permitir\u00e1 ejecutar un juego con mayor facilidad. No esperes m\u00e1s, consigue esta pala y experimenta un juego inigualable en la pista.<\/p>\n","protected":false},"featured_media":1244,"template":"","meta":[],"product_brand":[],"product_cat":[18,17],"product_tag":[],"class_list":{"0":"post-1243","1":"product","2":"type-product","3":"status-publish","4":"has-post-thumbnail","6":"product_cat-padel","7":"product_cat-palas","9":"first","10":"outofstock","11":"taxable","12":"shipping-taxable","13":"product-type-simple"},"_links":{"self":[{"href":"https:\/\/royalpadelpanama.com\/latam\/wp-json\/wp\/v2\/product\/1243","targetHints":{"allow":["GET"]}}],"collection":[{"href":"https:\/\/royalpadelpanama.com\/latam\/wp-json\/wp\/v2\/product"}],"about":[{"href":"https:\/\/royalpadelpanama.com\/latam\/wp-json\/wp\/v2\/types\/product"}],"wp:featuredmedia":[{"embeddable":true,"href":"https:\/\/royalpadelpanama.com\/latam\/wp-json\/wp\/v2\/media\/1244"}],"wp:attachment":[{"href":"https:\/\/royalpadelpanama.com\/latam\/wp-json\/wp\/v2\/media?parent=1243"}],"wp:term":[{"taxonomy":"product_brand","embeddable":true,"href":"https:\/\/royalpadelpanama.com\/latam\/wp-json\/wp\/v2\/product_brand?post=1243"},{"taxonomy":"product_cat","embeddable":true,"href":"https:\/\/royalpadelpanama.com\/latam\/wp-json\/wp\/v2\/product_cat?post=1243"},{"taxonomy":"product_tag","embeddable":true,"href":"https:\/\/royalpadelpanama.com\/latam\/wp-json\/wp\/v2\/product_tag?post=1243"}],"curies":[{"name":"wp","href":"https:\/\/api.w.org\/{rel}","templated":true}]}}