{"id":1297,"date":"2025-09-08T09:20:44","date_gmt":"2025-09-08T12:20:44","guid":{"rendered":"https:\/\/royalpadelpanama.com\/latam\/?post_type=product&#038;p=1297"},"modified":"2025-09-08T09:23:08","modified_gmt":"2025-09-08T12:23:08","slug":"bolso-paletero","status":"publish","type":"product","link":"https:\/\/royalpadelpanama.com\/latam\/producto\/bolso-paletero\/","title":{"rendered":"Bolso Paletero"},"content":{"rendered":"<p>Lleva todo lo que necesitas al centro de la acci\u00f3n con nuestro Bolso Paletero dise\u00f1ado especialmente para los jugadores de p\u00e1del. Con un dise\u00f1o moderno y funcional, este bolso te ofrece un espacio amplio y organizado para guardar tu pala, ropa deportiva y todos los accesorios esenciales.<\/p>\n<p>Ya sea para entrenamientos o competiciones, nuestro Bolso Paletero es tu aliado ideal.<br \/>\n\u00a1No m\u00e1s preocupaciones por el espacio, organiza todo con facilidad y luce como un profesional!<\/p>\n","protected":false},"excerpt":{"rendered":"<p>Lleva todo lo que necesitas al centro de la acci\u00f3n con nuestro Bolso Paletero dise\u00f1ado especialmente para los jugadores de p\u00e1del.<\/p>\n","protected":false},"featured_media":1298,"template":"","meta":[],"product_brand":[],"product_cat":[22,27],"product_tag":[],"class_list":{"0":"post-1297","1":"product","2":"type-product","3":"status-publish","4":"has-post-thumbnail","6":"product_cat-accesorios","7":"product_cat-paleteros-mochilas","9":"first","10":"instock","11":"featured","12":"taxable","13":"shipping-taxable","14":"product-type-simple"},"_links":{"self":[{"href":"https:\/\/royalpadelpanama.com\/latam\/wp-json\/wp\/v2\/product\/1297","targetHints":{"allow":["GET"]}}],"collection":[{"href":"https:\/\/royalpadelpanama.com\/latam\/wp-json\/wp\/v2\/product"}],"about":[{"href":"https:\/\/royalpadelpanama.com\/latam\/wp-json\/wp\/v2\/types\/product"}],"wp:featuredmedia":[{"embeddable":true,"href":"https:\/\/royalpadelpanama.com\/latam\/wp-json\/wp\/v2\/media\/1298"}],"wp:attachment":[{"href":"https:\/\/royalpadelpanama.com\/latam\/wp-json\/wp\/v2\/media?parent=1297"}],"wp:term":[{"taxonomy":"product_brand","embeddable":true,"href":"https:\/\/royalpadelpanama.com\/latam\/wp-json\/wp\/v2\/product_brand?post=1297"},{"taxonomy":"product_cat","embeddable":true,"href":"https:\/\/royalpadelpanama.com\/latam\/wp-json\/wp\/v2\/product_cat?post=1297"},{"taxonomy":"product_tag","embeddable":true,"href":"https:\/\/royalpadelpanama.com\/latam\/wp-json\/wp\/v2\/product_tag?post=1297"}],"curies":[{"name":"wp","href":"https:\/\/api.w.org\/{rel}","templated":true}]}}