{"id":1301,"date":"2025-10-02T12:41:08","date_gmt":"2025-10-02T15:41:08","guid":{"rendered":"https:\/\/royalpadelpanama.com\/latam\/?post_type=product&#038;p=1301"},"modified":"2025-10-02T12:41:48","modified_gmt":"2025-10-02T15:41:48","slug":"1301","status":"publish","type":"product","link":"https:\/\/royalpadelpanama.com\/latam\/producto\/1301\/","title":{"rendered":"Europe Lite"},"content":{"rendered":"<p>Descubr\u00ed la Paleta de P\u00e1del EUROPE LITE, dise\u00f1ada para jugadores que buscan combinar potencia y precisi\u00f3n en cada golpe. Esta paleta presenta un espesor de 38 mm, ideal para un excelente balance entre control y fuerza.<\/p>\n<p>Su n\u00facleo est\u00e1 fabricado con foam de alta calidad, que proporciona una \u00f3ptima absorci\u00f3n de impactos y una respuesta r\u00e1pida, permiti\u00e9ndote jugar con comodidad y efectividad en cada punto. Las caras de multifiber garantizan resistencia y ligereza, asegurando un manejo \u00e1gil y duradero en la cancha.<\/p>\n<p>Con un formato diamante, la EUROPE LITE est\u00e1 especialmente pensada para quienes prefieren un estilo de juego agresivo, facilitando golpes potentes sin perder precisi\u00f3n.<\/p>\n<p>Eleg\u00ed la Paleta EUROPE LITE y experiment\u00e1 la combinaci\u00f3n perfecta entre tecnolog\u00eda y dise\u00f1o para mejorar tu rendimiento. Fabricada con materiales de calidad, es la opci\u00f3n ideal para quienes buscan un producto confiable y profesional.<\/p>\n<p>\u00a1Comprala ahora y llev\u00e1 tu juego de p\u00e1del a un nuevo nivel con esta paleta argentina de alto rendimiento!<\/p>\n","protected":false},"excerpt":{"rendered":"<p>Descubr\u00ed la Paleta de P\u00e1del EUROPE LITE, dise\u00f1ada para jugadores que buscan combinar potencia y precisi\u00f3n en cada golpe. Esta paleta presenta un espesor de 38 mm, ideal para un excelente balance entre control y fuerza.<\/p>\n","protected":false},"featured_media":1302,"template":"","meta":[],"product_brand":[],"product_cat":[18,17],"product_tag":[],"class_list":{"0":"post-1301","1":"product","2":"type-product","3":"status-publish","4":"has-post-thumbnail","6":"product_cat-padel","7":"product_cat-palas","9":"first","10":"instock","11":"taxable","12":"shipping-taxable","13":"product-type-simple"},"_links":{"self":[{"href":"https:\/\/royalpadelpanama.com\/latam\/wp-json\/wp\/v2\/product\/1301","targetHints":{"allow":["GET"]}}],"collection":[{"href":"https:\/\/royalpadelpanama.com\/latam\/wp-json\/wp\/v2\/product"}],"about":[{"href":"https:\/\/royalpadelpanama.com\/latam\/wp-json\/wp\/v2\/types\/product"}],"wp:featuredmedia":[{"embeddable":true,"href":"https:\/\/royalpadelpanama.com\/latam\/wp-json\/wp\/v2\/media\/1302"}],"wp:attachment":[{"href":"https:\/\/royalpadelpanama.com\/latam\/wp-json\/wp\/v2\/media?parent=1301"}],"wp:term":[{"taxonomy":"product_brand","embeddable":true,"href":"https:\/\/royalpadelpanama.com\/latam\/wp-json\/wp\/v2\/product_brand?post=1301"},{"taxonomy":"product_cat","embeddable":true,"href":"https:\/\/royalpadelpanama.com\/latam\/wp-json\/wp\/v2\/product_cat?post=1301"},{"taxonomy":"product_tag","embeddable":true,"href":"https:\/\/royalpadelpanama.com\/latam\/wp-json\/wp\/v2\/product_tag?post=1301"}],"curies":[{"name":"wp","href":"https:\/\/api.w.org\/{rel}","templated":true}]}}