{"id":774,"date":"2023-09-21T10:23:15","date_gmt":"2023-09-21T13:23:15","guid":{"rendered":"http:\/\/royalpadelpanama.com\/latam\/?post_type=product&#038;p=774"},"modified":"2024-02-20T09:39:10","modified_gmt":"2024-02-20T12:39:10","slug":"cross-pro-woman","status":"publish","type":"product","link":"https:\/\/royalpadelpanama.com\/latam\/producto\/cross-pro-woman\/","title":{"rendered":"Cross Pro Woman"},"content":{"rendered":"<p>Descubre la pala Cross Pro Woman, perfecta para elevar tu juego al siguiente nivel. Como todas nuestras palas, combina tecnolog\u00eda innovadora y materiales de alta calidad para ofrecerte un equilibrio excepcional entre potencia y control. Todas nuestras palas cuentan con dise\u00f1o y peso optimizado lo que te permitir\u00e1 ejecutar un juego con mayor facilidad. No esperes m\u00e1s, consigue esta pala y experimenta un juego inigualable en la pista.<\/p>\n<p>Formato:<br \/>\nTecnolog\u00eda:<br \/>\nComposici\u00f3n:<br \/>\nTextura:<br \/>\nBalance:<br \/>\nTipo de jugador:<br \/>\nPeso:<\/p>\n","protected":false},"excerpt":{"rendered":"<p>Descubre la pala Cross Pro Woman, perfecta para elevar tu juego al siguiente nivel. Como todas nuestras palas, combina tecnolog\u00eda innovadora y materiales de alta calidad para ofrecerte un equilibrio excepcional entre potencia y control. Todas nuestras palas cuentan con dise\u00f1o y peso optimizado lo que te permitir\u00e1 ejecutar un juego con mayor facilidad. No esperes m\u00e1s, consigue esta pala y experimenta un juego inigualable en la pista.<\/p>\n","protected":false},"featured_media":775,"template":"","meta":[],"product_brand":[],"product_cat":[18,17],"product_tag":[],"class_list":{"0":"post-774","1":"product","2":"type-product","3":"status-publish","4":"has-post-thumbnail","6":"product_cat-padel","7":"product_cat-palas","9":"first","10":"instock","11":"taxable","12":"shipping-taxable","13":"purchasable","14":"product-type-simple"},"_links":{"self":[{"href":"https:\/\/royalpadelpanama.com\/latam\/wp-json\/wp\/v2\/product\/774","targetHints":{"allow":["GET"]}}],"collection":[{"href":"https:\/\/royalpadelpanama.com\/latam\/wp-json\/wp\/v2\/product"}],"about":[{"href":"https:\/\/royalpadelpanama.com\/latam\/wp-json\/wp\/v2\/types\/product"}],"wp:featuredmedia":[{"embeddable":true,"href":"https:\/\/royalpadelpanama.com\/latam\/wp-json\/wp\/v2\/media\/775"}],"wp:attachment":[{"href":"https:\/\/royalpadelpanama.com\/latam\/wp-json\/wp\/v2\/media?parent=774"}],"wp:term":[{"taxonomy":"product_brand","embeddable":true,"href":"https:\/\/royalpadelpanama.com\/latam\/wp-json\/wp\/v2\/product_brand?post=774"},{"taxonomy":"product_cat","embeddable":true,"href":"https:\/\/royalpadelpanama.com\/latam\/wp-json\/wp\/v2\/product_cat?post=774"},{"taxonomy":"product_tag","embeddable":true,"href":"https:\/\/royalpadelpanama.com\/latam\/wp-json\/wp\/v2\/product_tag?post=774"}],"curies":[{"name":"wp","href":"https:\/\/api.w.org\/{rel}","templated":true}]}}