{"id":782,"date":"2023-09-21T10:45:35","date_gmt":"2023-09-21T13:45:35","guid":{"rendered":"http:\/\/royalpadelpanama.com\/latam\/?post_type=product&#038;p=782"},"modified":"2024-02-20T09:42:24","modified_gmt":"2024-02-20T12:42:24","slug":"cross-pro-foam","status":"publish","type":"product","link":"https:\/\/royalpadelpanama.com\/latam\/producto\/cross-pro-foam\/","title":{"rendered":"Cross Pro Foam"},"content":{"rendered":"<p>Descubre la pala Cross Pro Foam, perfecta para elevar tu juego al siguiente nivel. Como todas nuestras palas, combina tecnolog\u00eda innovadora y materiales de alta calidad para ofrecerte un equilibrio excepcional entre potencia y control. Todas nuestras palas cuentan con dise\u00f1o y peso optimizado lo que te permitir\u00e1 ejecutar un juego con mayor facilidad. No esperes m\u00e1s, consigue esta pala y experimenta un juego inigualable en la pista.<\/p>\n<p>Formato:<br \/>\nTecnolog\u00eda:<br \/>\nComposici\u00f3n:<br \/>\nTextura:<br \/>\nBalance:<br \/>\nTipo de jugador:<br \/>\nPeso:<\/p>\n","protected":false},"excerpt":{"rendered":"<p>Descubre la pala Cross Pro Foam, perfecta para elevar tu juego al siguiente nivel. Como todas nuestras palas, combina tecnolog\u00eda innovadora y materiales de alta calidad para ofrecerte un equilibrio excepcional entre potencia y control. Todas nuestras palas cuentan con dise\u00f1o y peso optimizado lo que te permitir\u00e1 ejecutar un juego con mayor facilidad. No esperes m\u00e1s, consigue esta pala y experimenta un juego inigualable en la pista.<\/p>\n","protected":false},"featured_media":783,"template":"","meta":[],"product_brand":[],"product_cat":[18,17],"product_tag":[],"class_list":{"0":"post-782","1":"product","2":"type-product","3":"status-publish","4":"has-post-thumbnail","6":"product_cat-padel","7":"product_cat-palas","9":"first","10":"instock","11":"taxable","12":"shipping-taxable","13":"purchasable","14":"product-type-simple"},"_links":{"self":[{"href":"https:\/\/royalpadelpanama.com\/latam\/wp-json\/wp\/v2\/product\/782","targetHints":{"allow":["GET"]}}],"collection":[{"href":"https:\/\/royalpadelpanama.com\/latam\/wp-json\/wp\/v2\/product"}],"about":[{"href":"https:\/\/royalpadelpanama.com\/latam\/wp-json\/wp\/v2\/types\/product"}],"wp:featuredmedia":[{"embeddable":true,"href":"https:\/\/royalpadelpanama.com\/latam\/wp-json\/wp\/v2\/media\/783"}],"wp:attachment":[{"href":"https:\/\/royalpadelpanama.com\/latam\/wp-json\/wp\/v2\/media?parent=782"}],"wp:term":[{"taxonomy":"product_brand","embeddable":true,"href":"https:\/\/royalpadelpanama.com\/latam\/wp-json\/wp\/v2\/product_brand?post=782"},{"taxonomy":"product_cat","embeddable":true,"href":"https:\/\/royalpadelpanama.com\/latam\/wp-json\/wp\/v2\/product_cat?post=782"},{"taxonomy":"product_tag","embeddable":true,"href":"https:\/\/royalpadelpanama.com\/latam\/wp-json\/wp\/v2\/product_tag?post=782"}],"curies":[{"name":"wp","href":"https:\/\/api.w.org\/{rel}","templated":true}]}}